{"id":202,"date":"2025-05-03T11:13:33","date_gmt":"2025-05-03T15:13:33","guid":{"rendered":"https:\/\/nini-tours.com\/?post_type=product&#038;p=202"},"modified":"2025-06-18T15:31:46","modified_gmt":"2025-06-18T19:31:46","slug":"playa-rincon-cayo-levantado","status":"publish","type":"product","link":"https:\/\/nini-tours.com\/?product=playa-rincon-cayo-levantado","title":{"rendered":"Playa Rinc\u00f3n &#038; Cayo Levantado"},"content":{"rendered":"","protected":false},"excerpt":{"rendered":"<p>Experience Saman\u00e1 like never before on this immersive eco-adventure. Begin your journey with a scenic ride to the port of Las Ca\u00f1itas, followed by a tropical breakfast.<\/p>\n","protected":false},"featured_media":385,"comment_status":"closed","ping_status":"closed","template":"","meta":[],"product_brand":[],"product_cat":[26,32,24],"product_tag":[],"class_list":{"0":"post-202","1":"product","2":"type-product","3":"status-publish","4":"has-post-thumbnail","6":"product_cat-beach-island-tours","7":"product_cat-family-friendly","8":"product_cat-full-day-tours","10":"first","11":"instock","12":"virtual","13":"sold-individually","14":"purchasable","15":"product-type-booking"},"exclude_global_add_ons":[],"addons":[],"tiered_pricing_type":"fixed","tiered_pricing_fixed_rules":[],"tiered_pricing_product_settings":{"layout":"default","base_unit_name":{"singular":null,"plural":null},"default_variation":null},"tiered_pricing_minimum_quantity":null,"tiered_pricing_roles_data":[],"tiered_pricing_percentage_rules":[],"tiered_pricing_maximum_quantity":null,"tiered_pricing_quantity_step":null,"_links":{"self":[{"href":"https:\/\/nini-tours.com\/index.php?rest_route=\/wp\/v2\/product\/202","targetHints":{"allow":["GET"]}}],"collection":[{"href":"https:\/\/nini-tours.com\/index.php?rest_route=\/wp\/v2\/product"}],"about":[{"href":"https:\/\/nini-tours.com\/index.php?rest_route=\/wp\/v2\/types\/product"}],"replies":[{"embeddable":true,"href":"https:\/\/nini-tours.com\/index.php?rest_route=%2Fwp%2Fv2%2Fcomments&post=202"}],"wp:featuredmedia":[{"embeddable":true,"href":"https:\/\/nini-tours.com\/index.php?rest_route=\/wp\/v2\/media\/385"}],"wp:attachment":[{"href":"https:\/\/nini-tours.com\/index.php?rest_route=%2Fwp%2Fv2%2Fmedia&parent=202"}],"wp:term":[{"taxonomy":"product_brand","embeddable":true,"href":"https:\/\/nini-tours.com\/index.php?rest_route=%2Fwp%2Fv2%2Fproduct_brand&post=202"},{"taxonomy":"product_cat","embeddable":true,"href":"https:\/\/nini-tours.com\/index.php?rest_route=%2Fwp%2Fv2%2Fproduct_cat&post=202"},{"taxonomy":"product_tag","embeddable":true,"href":"https:\/\/nini-tours.com\/index.php?rest_route=%2Fwp%2Fv2%2Fproduct_tag&post=202"}],"curies":[{"name":"wp","href":"https:\/\/api.w.org\/{rel}","templated":true}]}}