{"id":207,"date":"2025-05-03T14:31:01","date_gmt":"2025-05-03T18:31:01","guid":{"rendered":"https:\/\/nini-tours.com\/?post_type=product&#038;p=207"},"modified":"2025-11-19T12:49:44","modified_gmt":"2025-11-19T16:49:44","slug":"three-pearls-of-samana","status":"publish","type":"product","link":"https:\/\/nini-tours.com\/?product=three-pearls-of-samana","title":{"rendered":"Three Pearls of Saman\u00e1"},"content":{"rendered":"","protected":false},"excerpt":{"rendered":"<p><strong>(Front\u00f3n, Madama, Rinc\u00f3n)<\/strong><\/p>\n<p>Embark on an unforgettable island-hopping adventure through three of Saman\u00e1\u2019s most breathtaking hidden beaches.<\/p>\n","protected":false},"featured_media":386,"comment_status":"closed","ping_status":"closed","template":"","meta":[],"product_brand":[],"product_cat":[26,32,24],"product_tag":[],"class_list":{"0":"post-207","1":"product","2":"type-product","3":"status-publish","4":"has-post-thumbnail","6":"product_cat-beach-island-tours","7":"product_cat-family-friendly","8":"product_cat-full-day-tours","10":"first","11":"instock","12":"virtual","13":"sold-individually","14":"purchasable","15":"product-type-booking"},"exclude_global_add_ons":true,"addons":[{"name":"Start Point","type":"multiple_choice","position":0,"required":true,"title_format":"label","default":"","description_enable":false,"description":"","placeholder_enable":false,"placeholder":"","display":"select","restrictions_type":"any_text","adjust_price":false,"price":"","price_type":"flat_fee","restrictions":false,"min":"0","max":"0","options":[{"label":"Saman\u00e1","price":"","price_type":"flat_fee","image":0,"visibility":true},{"label":"Punta Cana","price":"","price_type":"flat_fee","image":0,"visibility":true}],"id":1763499827},{"name":"Adults Saman\u00e1","type":"input_multiplier","position":1,"required":false,"title_format":"label","default":"","description_enable":false,"description":"","placeholder_enable":false,"placeholder":"","display":"select","restrictions_type":"any_text","adjust_price":true,"price":"85","price_type":"quantity_based","restrictions":true,"min":"1","max":"0","options":[],"id":1763500801},{"name":"Kids Saman\u00e1","type":"input_multiplier","position":2,"required":false,"title_format":"label","default":"","description_enable":false,"description":"","placeholder_enable":false,"placeholder":"","display":"select","restrictions_type":"any_text","adjust_price":true,"price":"42.5","price_type":"quantity_based","restrictions":false,"min":"0","max":"0","options":[],"id":1763500802},{"name":"Adults Punta Cana","type":"input_multiplier","position":3,"required":false,"title_format":"label","default":"","description_enable":false,"description":"","placeholder_enable":false,"placeholder":"","display":"select","restrictions_type":"any_text","adjust_price":true,"price":"140","price_type":"quantity_based","restrictions":true,"min":"1","max":"0","options":[],"id":1763506348},{"name":"Kids Punta Cana","type":"input_multiplier","position":4,"required":false,"title_format":"label","default":"","description_enable":false,"description":"","placeholder_enable":false,"placeholder":"","display":"select","restrictions_type":"any_text","adjust_price":true,"price":"70","price_type":"quantity_based","restrictions":false,"min":"0","max":"0","options":[],"id":1763506349}],"tiered_pricing_type":"fixed","tiered_pricing_fixed_rules":[],"tiered_pricing_product_settings":{"layout":"default","base_unit_name":{"singular":null,"plural":null},"default_variation":null},"tiered_pricing_minimum_quantity":null,"tiered_pricing_roles_data":[],"tiered_pricing_percentage_rules":[],"tiered_pricing_maximum_quantity":null,"tiered_pricing_quantity_step":null,"_links":{"self":[{"href":"https:\/\/nini-tours.com\/index.php?rest_route=\/wp\/v2\/product\/207","targetHints":{"allow":["GET"]}}],"collection":[{"href":"https:\/\/nini-tours.com\/index.php?rest_route=\/wp\/v2\/product"}],"about":[{"href":"https:\/\/nini-tours.com\/index.php?rest_route=\/wp\/v2\/types\/product"}],"replies":[{"embeddable":true,"href":"https:\/\/nini-tours.com\/index.php?rest_route=%2Fwp%2Fv2%2Fcomments&post=207"}],"wp:featuredmedia":[{"embeddable":true,"href":"https:\/\/nini-tours.com\/index.php?rest_route=\/wp\/v2\/media\/386"}],"wp:attachment":[{"href":"https:\/\/nini-tours.com\/index.php?rest_route=%2Fwp%2Fv2%2Fmedia&parent=207"}],"wp:term":[{"taxonomy":"product_brand","embeddable":true,"href":"https:\/\/nini-tours.com\/index.php?rest_route=%2Fwp%2Fv2%2Fproduct_brand&post=207"},{"taxonomy":"product_cat","embeddable":true,"href":"https:\/\/nini-tours.com\/index.php?rest_route=%2Fwp%2Fv2%2Fproduct_cat&post=207"},{"taxonomy":"product_tag","embeddable":true,"href":"https:\/\/nini-tours.com\/index.php?rest_route=%2Fwp%2Fv2%2Fproduct_tag&post=207"}],"curies":[{"name":"wp","href":"https:\/\/api.w.org\/{rel}","templated":true}]}}